{"id":899,"date":"2024-08-13T09:51:14","date_gmt":"2024-08-13T07:51:14","guid":{"rendered":"https:\/\/geosolutions.hr\/storitve\/"},"modified":"2025-02-25T17:37:23","modified_gmt":"2025-02-25T16:37:23","slug":"storitve","status":"publish","type":"page","link":"https:\/\/geosolutions.hr\/sl\/storitve\/","title":{"rendered":"Storitve"},"content":{"rendered":"\t\t<div data-elementor-type=\"wp-page\" data-elementor-id=\"899\" class=\"elementor elementor-899 elementor-230\" data-elementor-post-type=\"page\">\n\t\t\t\t<div class=\"elementor-element elementor-element-dccfb49 e-flex e-con-boxed e-con e-parent\" data-id=\"dccfb49\" data-element_type=\"container\" data-e-type=\"container\">\n\t\t\t\t\t<div class=\"e-con-inner\">\n\t\t<div class=\"elementor-element elementor-element-853d7f3 e-con-full e-flex e-con e-child\" data-id=\"853d7f3\" data-element_type=\"container\" data-e-type=\"container\">\n\t\t\t\t<div class=\"elementor-element elementor-element-2cda42e elementor-cta--skin-cover elementor-cta--valign-top elementor-widget elementor-widget-call-to-action\" data-id=\"2cda42e\" data-element_type=\"widget\" data-e-type=\"widget\" data-widget_type=\"call-to-action.default\">\n\t\t\t\t\t\t\t<a class=\"elementor-cta\" href=\"https:\/\/geosolutions.hr\/sl\/storitve\/izboljsanje-temeljnih-tal\/\">\n\t\t\t\t\t<div class=\"elementor-cta__bg-wrapper\">\n\t\t\t\t<div class=\"elementor-cta__bg elementor-bg\" style=\"background-image: url(https:\/\/geosolutions.hr\/wp-content\/uploads\/2024\/08\/Picture1.jpg);\" role=\"img\" aria-label=\"Picture1\"><\/div>\n\t\t\t\t<div class=\"elementor-cta__bg-overlay\"><\/div>\n\t\t\t<\/div>\n\t\t\t\t\t\t\t<div class=\"elementor-cta__content\">\n\t\t\t\t\n\t\t\t\t\t\t\t\t\t<h3 class=\"elementor-cta__title elementor-cta__content-item elementor-content-item\">\n\t\t\t\t\t\tIzbolj\u0161anje temeljih tal\t\t\t\t\t<\/h3>\n\t\t\t\t\n\t\t\t\t\t\t\t\t\t<div class=\"elementor-cta__description elementor-cta__content-item elementor-content-item\">\n\t\t\t\t\t\t<p>S\u010dasoma in pod vplivom zunanjih dejavnikov se zmanj\u0161ajo fizikalne karakteristike samih tal, zaradi \u010desar jih je treba sanirati. Razlog za to je, da zagotovimo potrebne pogoje za stabilnost in varnost obstoje\u010de ali prihodnje infrastrukture in objektov, ki potrebujejo dolo\u010dene parametre v samih tleh.<\/p>\n\t\t\t\t\t<\/div>\n\t\t\t\t\n\t\t\t\t\t\t\t<\/div>\n\t\t\t\t\t\t<\/a>\n\t\t\t\t\t\t<\/div>\n\t\t\t\t<\/div>\n\t\t<div class=\"elementor-element elementor-element-7da5eda e-con-full e-flex e-con e-child\" data-id=\"7da5eda\" data-element_type=\"container\" data-e-type=\"container\">\n\t\t\t\t<div class=\"elementor-element elementor-element-be36a3d elementor-cta--skin-cover elementor-cta--valign-top elementor-widget elementor-widget-call-to-action\" data-id=\"be36a3d\" data-element_type=\"widget\" data-e-type=\"widget\" data-widget_type=\"call-to-action.default\">\n\t\t\t\t\t\t\t<a class=\"elementor-cta\" href=\"https:\/\/geosolutions.hr\/sl\/storitve\/geotehnicka-raziskovalna-dela\/\">\n\t\t\t\t\t<div class=\"elementor-cta__bg-wrapper\">\n\t\t\t\t<div class=\"elementor-cta__bg elementor-bg\" style=\"background-image: url(https:\/\/geosolutions.hr\/wp-content\/uploads\/2024\/08\/img-12-1024x683.jpg);\" role=\"img\" aria-label=\"img 12\"><\/div>\n\t\t\t\t<div class=\"elementor-cta__bg-overlay\"><\/div>\n\t\t\t<\/div>\n\t\t\t\t\t\t\t<div class=\"elementor-cta__content\">\n\t\t\t\t\n\t\t\t\t\t\t\t\t\t<h3 class=\"elementor-cta__title elementor-cta__content-item elementor-content-item\">\n\t\t\t\t\t\tGeotehni\u010dna raziskovalna dela\t\t\t\t\t<\/h3>\n\t\t\t\t\n\t\t\t\t\t\t\t\t\t<div class=\"elementor-cta__description elementor-cta__content-item elementor-content-item\">\n\t\t\t\t\t\t<p>Geotehni\u010dna raziskovalna dela se izvajajo z namenom zbiranja informacij o tleh, ki so pomembne za izpolnjevanje pomembnej\u0161ih zahtev za stavbo.<\/p>\n\t\t\t\t\t<\/div>\n\t\t\t\t\n\t\t\t\t\t\t\t<\/div>\n\t\t\t\t\t\t<\/a>\n\t\t\t\t\t\t<\/div>\n\t\t\t\t<\/div>\n\t\t<div class=\"elementor-element elementor-element-6f2e3f5 e-con-full e-flex e-con e-child\" data-id=\"6f2e3f5\" data-element_type=\"container\" data-e-type=\"container\">\n\t\t\t\t<div class=\"elementor-element elementor-element-5d53831 elementor-cta--skin-cover elementor-cta--valign-top elementor-widget elementor-widget-call-to-action\" data-id=\"5d53831\" data-element_type=\"widget\" data-e-type=\"widget\" data-widget_type=\"call-to-action.default\">\n\t\t\t\t\t\t\t<a class=\"elementor-cta\" href=\"https:\/\/geosolutions.hr\/sl\/storitve\/hidroizolacija\/\">\n\t\t\t\t\t<div class=\"elementor-cta__bg-wrapper\">\n\t\t\t\t<div class=\"elementor-cta__bg elementor-bg\" style=\"background-image: url(https:\/\/geosolutions.hr\/wp-content\/uploads\/2025\/02\/Slika-3_dilatacijska-resetka.png);\" role=\"img\" aria-label=\"Slika 3_dilatacijska res\u030cetka\"><\/div>\n\t\t\t\t<div class=\"elementor-cta__bg-overlay\"><\/div>\n\t\t\t<\/div>\n\t\t\t\t\t\t\t<div class=\"elementor-cta__content\">\n\t\t\t\t\n\t\t\t\t\t\t\t\t\t<h3 class=\"elementor-cta__title elementor-cta__content-item elementor-content-item\">\n\t\t\t\t\t\tHidroizolacija\t\t\t\t\t<\/h3>\n\t\t\t\t\n\t\t\t\t\t\t\t\t\t<div class=\"elementor-cta__description elementor-cta__content-item elementor-content-item\">\n\t\t\t\t\t\t<p>Hidroizolacija je postopek za\u0161\u010dite gradbenih objektov pred \u0161kodljivim delovanjem vode. Njena osnovna funkcija je ustvariti pregrado, ki lo\u010duje notranje prostore objekta od zunanjega vpliva vlage in vode.<\/p>\n\t\t\t\t\t<\/div>\n\t\t\t\t\n\t\t\t\t\t\t\t<\/div>\n\t\t\t\t\t\t<\/a>\n\t\t\t\t\t\t<\/div>\n\t\t\t\t<\/div>\n\t\t<div class=\"elementor-element elementor-element-5a4ee8d e-con-full e-flex e-con e-child\" data-id=\"5a4ee8d\" data-element_type=\"container\" data-e-type=\"container\">\n\t\t\t\t<div class=\"elementor-element elementor-element-e0ed9bc elementor-cta--skin-cover elementor-cta--valign-top elementor-widget elementor-widget-call-to-action\" data-id=\"e0ed9bc\" data-element_type=\"widget\" data-e-type=\"widget\" data-widget_type=\"call-to-action.default\">\n\t\t\t\t\t\t\t<a class=\"elementor-cta\" href=\"https:\/\/geosolutions.hr\/sl\/storitve\/geotehnicni-elaborat\/\">\n\t\t\t\t\t<div class=\"elementor-cta__bg-wrapper\">\n\t\t\t\t<div class=\"elementor-cta__bg elementor-bg\" style=\"background-image: url(https:\/\/geosolutions.hr\/wp-content\/uploads\/2024\/08\/img-2-1024x683.jpg);\" role=\"img\" aria-label=\"img 2\"><\/div>\n\t\t\t\t<div class=\"elementor-cta__bg-overlay\"><\/div>\n\t\t\t<\/div>\n\t\t\t\t\t\t\t<div class=\"elementor-cta__content\">\n\t\t\t\t\n\t\t\t\t\t\t\t\t\t<h3 class=\"elementor-cta__title elementor-cta__content-item elementor-content-item\">\n\t\t\t\t\t\tGeotehni\u010dni elaborat\t\t\t\t\t<\/h3>\n\t\t\t\t\n\t\t\t\t\t\t\t\t\t<div class=\"elementor-cta__description elementor-cta__content-item elementor-content-item\">\n\t\t\t\t\t\t<p>Geotehni\u010dni elaborat je tehni\u010dni dokument, ki predstavlja rezultate geotehni\u010dnih raziskav in analize zemlji\u0161\u010da na dolo\u010deni lokaciji.<\/p>\n\t\t\t\t\t<\/div>\n\t\t\t\t\n\t\t\t\t\t\t\t<\/div>\n\t\t\t\t\t\t<\/a>\n\t\t\t\t\t\t<\/div>\n\t\t\t\t<\/div>\n\t\t<div class=\"elementor-element elementor-element-ebb1bea e-con-full e-flex e-con e-child\" data-id=\"ebb1bea\" data-element_type=\"container\" data-e-type=\"container\">\n\t\t\t\t<div class=\"elementor-element elementor-element-1f648a2 elementor-cta--skin-cover elementor-cta--valign-top elementor-widget elementor-widget-call-to-action\" data-id=\"1f648a2\" data-element_type=\"widget\" data-e-type=\"widget\" data-widget_type=\"call-to-action.default\">\n\t\t\t\t\t\t\t<a class=\"elementor-cta\" href=\"https:\/\/geosolutions.hr\/sl\/storitve\/projektiranje\/\">\n\t\t\t\t\t<div class=\"elementor-cta__bg-wrapper\">\n\t\t\t\t<div class=\"elementor-cta__bg elementor-bg\" style=\"background-image: url(https:\/\/geosolutions.hr\/wp-content\/uploads\/2024\/08\/img-3-1024x682.jpg);\" role=\"img\" aria-label=\"img 3\"><\/div>\n\t\t\t\t<div class=\"elementor-cta__bg-overlay\"><\/div>\n\t\t\t<\/div>\n\t\t\t\t\t\t\t<div class=\"elementor-cta__content\">\n\t\t\t\t\n\t\t\t\t\t\t\t\t\t<h3 class=\"elementor-cta__title elementor-cta__content-item elementor-content-item\">\n\t\t\t\t\t\tProjektiranje\t\t\t\t\t<\/h3>\n\t\t\t\t\n\t\t\t\t\t\t\t\t\t<div class=\"elementor-cta__description elementor-cta__content-item elementor-content-item\">\n\t\t\t\t\t\t<p>Projektiranje je klju\u010dni vidik pri uresni\u010devanju zamisli, kot je gradnja infrastrukture ali gradbenih objektov. Je vseobsegajo\u010d proces, ki vklju\u010duje na\u010drtovanje, razvoj in opredelitev vseh potrebnih podrobnosti za dolo\u010den projekt.<\/p>\n\t\t\t\t\t<\/div>\n\t\t\t\t\n\t\t\t\t\t\t\t<\/div>\n\t\t\t\t\t\t<\/a>\n\t\t\t\t\t\t<\/div>\n\t\t\t\t<\/div>\n\t\t<div class=\"elementor-element elementor-element-c2201c6 e-con-full e-flex e-con e-child\" data-id=\"c2201c6\" data-element_type=\"container\" data-e-type=\"container\">\n\t\t\t\t<div class=\"elementor-element elementor-element-b01ab6d elementor-cta--skin-cover elementor-cta--valign-top elementor-widget elementor-widget-call-to-action\" data-id=\"b01ab6d\" data-element_type=\"widget\" data-e-type=\"widget\" data-widget_type=\"call-to-action.default\">\n\t\t\t\t\t\t\t<a class=\"elementor-cta\" href=\"https:\/\/geosolutions.hr\/sl\/storitve\/svetovanje\/\">\n\t\t\t\t\t<div class=\"elementor-cta__bg-wrapper\">\n\t\t\t\t<div class=\"elementor-cta__bg elementor-bg\" style=\"background-image: url(https:\/\/geosolutions.hr\/wp-content\/uploads\/2024\/08\/img-5-1024x683.jpg);\" role=\"img\" aria-label=\"img 5\"><\/div>\n\t\t\t\t<div class=\"elementor-cta__bg-overlay\"><\/div>\n\t\t\t<\/div>\n\t\t\t\t\t\t\t<div class=\"elementor-cta__content\">\n\t\t\t\t\n\t\t\t\t\t\t\t\t\t<h3 class=\"elementor-cta__title elementor-cta__content-item elementor-content-item\">\n\t\t\t\t\t\tSvetovanje\t\t\t\t\t<\/h3>\n\t\t\t\t\n\t\t\t\t\t\t\t\t\t<div class=\"elementor-cta__description elementor-cta__content-item elementor-content-item\">\n\t\t\t\t\t\t<p>V gradbeni\u0161tvu je velika potreba po strokovnjakih z razli\u010dnih podro\u010dij, vklju\u010dno z arhitekturo, in\u017eeniringom, projektiranjem, vodenjem projektov, pravnimi vidiki in \u0161tevilnimi drugimi. Zlasti zaradi kompleksnosti je svetovanje nujno potrebno.<\/p>\n\t\t\t\t\t<\/div>\n\t\t\t\t\n\t\t\t\t\t\t\t<\/div>\n\t\t\t\t\t\t<\/a>\n\t\t\t\t\t\t<\/div>\n\t\t\t\t<\/div>\n\t\t\t\t\t<\/div>\n\t\t\t\t<\/div>\n\t\t\t\t<\/div>\n\t\t","protected":false},"excerpt":{"rendered":"<p>Izbolj\u0161anje temeljih tal S\u010dasoma in pod vplivom zunanjih dejavnikov se zmanj\u0161ajo fizikalne karakteristike samih tal, zaradi \u010desar jih je treba sanirati. Razlog za to je, da zagotovimo potrebne pogoje za stabilnost in varnost obstoje\u010de ali prihodnje infrastrukture in objektov, ki potrebujejo dolo\u010dene parametre v samih tleh. Geotehni\u010dna raziskovalna dela Geotehni\u010dna raziskovalna dela se izvajajo z [&hellip;]<\/p>\n","protected":false},"author":1,"featured_media":0,"parent":0,"menu_order":1,"comment_status":"closed","ping_status":"closed","template":"","meta":{"footnotes":""},"class_list":["post-899","page","type-page","status-publish","hentry"],"_links":{"self":[{"href":"https:\/\/geosolutions.hr\/sl\/wp-json\/wp\/v2\/pages\/899","targetHints":{"allow":["GET"]}}],"collection":[{"href":"https:\/\/geosolutions.hr\/sl\/wp-json\/wp\/v2\/pages"}],"about":[{"href":"https:\/\/geosolutions.hr\/sl\/wp-json\/wp\/v2\/types\/page"}],"author":[{"embeddable":true,"href":"https:\/\/geosolutions.hr\/sl\/wp-json\/wp\/v2\/users\/1"}],"replies":[{"embeddable":true,"href":"https:\/\/geosolutions.hr\/sl\/wp-json\/wp\/v2\/comments?post=899"}],"version-history":[{"count":3,"href":"https:\/\/geosolutions.hr\/sl\/wp-json\/wp\/v2\/pages\/899\/revisions"}],"predecessor-version":[{"id":941,"href":"https:\/\/geosolutions.hr\/sl\/wp-json\/wp\/v2\/pages\/899\/revisions\/941"}],"wp:attachment":[{"href":"https:\/\/geosolutions.hr\/sl\/wp-json\/wp\/v2\/media?parent=899"}],"curies":[{"name":"wp","href":"https:\/\/api.w.org\/{rel}","templated":true}]}}